{"id":437,"date":"2021-05-02T04:51:11","date_gmt":"2021-05-02T04:51:11","guid":{"rendered":"https:\/\/roleplayingatlas.com\/newworld-resources\/?page_id=437"},"modified":"2021-05-02T04:53:42","modified_gmt":"2021-05-02T04:53:42","slug":"united-states-european-offices","status":"publish","type":"page","link":"https:\/\/roleplayingatlas.com\/newworld-resources\/united-states-european-offices\/","title":{"rendered":"United States &#038; European Offices"},"content":{"rendered":"\n<h2 class=\"wp-block-heading\">United States &amp; European Offices<\/h2>\n\n\n\n<p>The Summerlee-Challenger Genetics Corporation operates several corporate offices and laboratories throughout the United States and Western Europe.  These facilities serve in various functions from marketing and informational centers, additional research labs for chemical and asset blood samples, backup storage repositories, IT centers, and administration facilities.<\/p>\n\n\n\n<h4 class=\"wp-block-heading\">We currently operate the following locations:<\/h4>\n\n\n\n<h5 class=\"wp-block-heading\">Edinburgh, Scotland<\/h5>\n\n\n\n<p>Summerlee-Challenger Museum<br>University Campus Lab Services<\/p>\n\n\n\n<h5 class=\"wp-block-heading\">London, England<\/h5>\n\n\n\n<p>European Administration Offices and Call Center<br>Synthetic Chemical Advancements Laboratory<br>Data Repository, Sample Storage<\/p>\n\n\n\n<h5 class=\"wp-block-heading\">Lyon, France<\/h5>\n\n\n\n<p>SCGC Laboratoire de g\u00e9n\u00e9tique avanc\u00e9e de France (Laboratory of Advanced Genetics)<\/p>\n\n\n\n<h5 class=\"wp-block-heading\">Hamburg, Germany<\/h5>\n\n\n\n<p>SCGC: Labor f\u00fcr Gengesundheit (Gene Health Laboratory)<\/p>\n\n\n\n<h5 class=\"wp-block-heading\">New York, New York, United States<\/h5>\n\n\n\n<p>Public Relations Offices<br>Marketing Offices<br>Genetic Research Educational Center<\/p>\n\n\n\n<h5 class=\"wp-block-heading\">Houston, Texas, United States<\/h5>\n\n\n\n<p>Medical Testing Center<br>Disease Treatment Research Center<br>Sample Research Laboratory<br>Data Center<br>Primary IT Offices<\/p>\n\n\n\n<h5 class=\"wp-block-heading\">San Jose, Costa Rica<\/h5>\n\n\n\n<p>Mainland Office: Transport Services, Government Relations<\/p>\n","protected":false},"excerpt":{"rendered":"<p>United States &amp; European Offices The Summerlee-Challenger Genetics Corporation operates several corporate offices and laboratories throughout the United States and Western Europe. These facilities serve in various functions from marketing and informational centers, additional research labs for chemical and asset blood samples, backup storage repositories, IT centers, and administration facilities. We currently operate the following &hellip; <a href=\"https:\/\/roleplayingatlas.com\/newworld-resources\/united-states-european-offices\/\" class=\"more-link\">Continue reading <span class=\"screen-reader-text\">United States &#038; European Offices<\/span> <span class=\"meta-nav\">&rarr;<\/span><\/a><\/p>\n","protected":false},"author":1,"featured_media":0,"parent":0,"menu_order":0,"comment_status":"closed","ping_status":"closed","template":"","meta":{"footnotes":""},"_links":{"self":[{"href":"https:\/\/roleplayingatlas.com\/newworld-resources\/wp-json\/wp\/v2\/pages\/437"}],"collection":[{"href":"https:\/\/roleplayingatlas.com\/newworld-resources\/wp-json\/wp\/v2\/pages"}],"about":[{"href":"https:\/\/roleplayingatlas.com\/newworld-resources\/wp-json\/wp\/v2\/types\/page"}],"author":[{"embeddable":true,"href":"https:\/\/roleplayingatlas.com\/newworld-resources\/wp-json\/wp\/v2\/users\/1"}],"replies":[{"embeddable":true,"href":"https:\/\/roleplayingatlas.com\/newworld-resources\/wp-json\/wp\/v2\/comments?post=437"}],"version-history":[{"count":2,"href":"https:\/\/roleplayingatlas.com\/newworld-resources\/wp-json\/wp\/v2\/pages\/437\/revisions"}],"predecessor-version":[{"id":441,"href":"https:\/\/roleplayingatlas.com\/newworld-resources\/wp-json\/wp\/v2\/pages\/437\/revisions\/441"}],"wp:attachment":[{"href":"https:\/\/roleplayingatlas.com\/newworld-resources\/wp-json\/wp\/v2\/media?parent=437"}],"curies":[{"name":"wp","href":"https:\/\/api.w.org\/{rel}","templated":true}]}}